{"id":564,"date":"2025-09-23T05:21:02","date_gmt":"2025-09-23T05:21:02","guid":{"rendered":"https:\/\/carina-silk.com\/?page_id=564"},"modified":"2025-10-13T02:48:00","modified_gmt":"2025-10-13T02:48:00","slug":"faqs","status":"publish","type":"page","link":"https:\/\/carina-silk.com\/de\/faqs\/","title":{"rendered":"FAQs"},"content":{"rendered":"<div data-elementor-type=\"wp-page\" data-elementor-id=\"564\" class=\"elementor elementor-564\" data-elementor-post-type=\"page\">\n\t\t\t\t<div class=\"wd-negative-gap elementor-element elementor-element-31d991c wd-section-stretch e-flex e-con-boxed e-con e-parent\" data-id=\"31d991c\" data-element_type=\"container\" data-settings=\"{&quot;background_background&quot;:&quot;classic&quot;}\">\n\t\t\t\t\t<div class=\"e-con-inner\">\n\t\t\t\t<div class=\"elementor-element elementor-element-ed10011 elementor-widget elementor-widget-heading\" data-id=\"ed10011\" data-element_type=\"widget\" data-widget_type=\"heading.default\">\n\t\t\t\t\t<h2 class=\"elementor-heading-title elementor-size-default\">FAQs\n<\/h2>\t\t\t\t<\/div>\n\t\t\t\t\t<\/div>\n\t\t\t\t<\/div>\n\t\t<div class=\"wd-negative-gap elementor-element elementor-element-8fb16b8 e-flex e-con-boxed e-con e-parent\" data-id=\"8fb16b8\" data-element_type=\"container\">\n\t\t\t\t\t<div class=\"e-con-inner\">\n\t\t\t\t<div class=\"elementor-element elementor-element-80ebc76 elementor-widget elementor-widget-wd_accordion\" data-id=\"80ebc76\" data-element_type=\"widget\" data-widget_type=\"wd_accordion.default\">\n\t\t\t\t<div class=\"elementor-widget-container\">\n\t\t\t\t\t\n\t\t<div class=\"wd-accordion wd-style-default wd-titles-left wd-opener-pos-left wd-opener-style-arrow\" data-state=\"first\">\n\t\t\t\t\t\t\t\n\t\t\t\t<div class=\"wd-accordion-item\">\n\t\t\t\t\t<div class=\"wd-accordion-title wd-active\" data-accordion-index=\"0\">\n\t\t\t\t\t\t<div class=\"wd-accordion-title-text\">\n\t\t\t\t\t\t\t\t\t\t\t\t\t\t<span>\n\t\t\t\t\t\t\t\tF: K\u00f6nnen Sie mein Design f\u00fcr Krawatte, Fliege, Einstecktuch und Schal anpassen?\t\t\t\t\t\t\t<\/span>\n\t\t\t\t\t\t<\/div>\n\t\t\t\t\t\t<span class=\"wd-accordion-opener\"><\/span>\n\t\t\t\t\t<\/div>\n\n\t\t\t\t\t<div class=\"wd-accordion-content wd-entry-content wd-active\" data-accordion-index=\"0\">\n\t\t\t\t\t\t\t\t\t\t\t\t\t\n\t\t\t\t\t\t\t<p>A: Ja! Schicken Sie uns einfach Ihr Design und wir geben Ihnen professionelle Vorschl\u00e4ge, wie Sie es \u00e4ndern k\u00f6nnen, damit alle Details lesbar sind.<\/p>\n\t\t\t\t\t\t\t\t\t\t\t\t\t\t\t\t\t\t<\/div>\n\t\t\t\t<\/div>\n\t\t\t\t\t\t\t\n\t\t\t\t<div class=\"wd-accordion-item\">\n\t\t\t\t\t<div class=\"wd-accordion-title\" data-accordion-index=\"1\">\n\t\t\t\t\t\t<div class=\"wd-accordion-title-text\">\n\t\t\t\t\t\t\t\t\t\t\t\t\t\t<span>\n\t\t\t\t\t\t\t\tF: Was ist, wenn ich keinen Entwurf habe?\t\t\t\t\t\t\t<\/span>\n\t\t\t\t\t\t<\/div>\n\t\t\t\t\t\t<span class=\"wd-accordion-opener\"><\/span>\n\t\t\t\t\t<\/div>\n\n\t\t\t\t\t<div class=\"wd-accordion-content wd-entry-content\" data-accordion-index=\"1\">\n\t\t\t\t\t\t\t\t\t\t\t\t\t\n\t\t\t\t\t\t\t<p>A: Bitte mailen Sie uns Ihre Ideen, Beschreibungen oder Skizzen. Unser K\u00fcnstler wird Ihnen bei der Erstellung des Designs helfen.<\/p>\n\t\t\t\t\t\t\t\t\t\t\t\t\t\t\t\t\t\t<\/div>\n\t\t\t\t<\/div>\n\t\t\t\t\t\t\t\n\t\t\t\t<div class=\"wd-accordion-item\">\n\t\t\t\t\t<div class=\"wd-accordion-title\" data-accordion-index=\"2\">\n\t\t\t\t\t\t<div class=\"wd-accordion-title-text\">\n\t\t\t\t\t\t\t\t\t\t\t\t\t\t<span>\n\t\t\t\t\t\t\t\tF: K\u00f6nnen Sie die Krawatte, die Fliege, das Einstecktuch und den Schal duplizieren, die Sie zuvor anderswo hergestellt haben?\t\t\t\t\t\t\t<\/span>\n\t\t\t\t\t\t<\/div>\n\t\t\t\t\t\t<span class=\"wd-accordion-opener\"><\/span>\n\t\t\t\t\t<\/div>\n\n\t\t\t\t\t<div class=\"wd-accordion-content wd-entry-content\" data-accordion-index=\"2\">\n\t\t\t\t\t\t\t\t\t\t\t\t\t\n\t\t\t\t\t\t\t<p>A: Ja! Bitte mailen Sie das aktuelle Bild der vorhandenen Krawatte, Fliege, Einstecktuch und Schal.<\/p>\n\t\t\t\t\t\t\t\t\t\t\t\t\t\t\t\t\t\t<\/div>\n\t\t\t\t<\/div>\n\t\t\t\t\t\t\t\n\t\t\t\t<div class=\"wd-accordion-item\">\n\t\t\t\t\t<div class=\"wd-accordion-title\" data-accordion-index=\"3\">\n\t\t\t\t\t\t<div class=\"wd-accordion-title-text\">\n\t\t\t\t\t\t\t\t\t\t\t\t\t\t<span>\n\t\t\t\t\t\t\t\tF: Wie hoch ist die Mindestbestellmenge?\t\t\t\t\t\t\t<\/span>\n\t\t\t\t\t\t<\/div>\n\t\t\t\t\t\t<span class=\"wd-accordion-opener\"><\/span>\n\t\t\t\t\t<\/div>\n\n\t\t\t\t\t<div class=\"wd-accordion-content wd-entry-content\" data-accordion-index=\"3\">\n\t\t\t\t\t\t\t\t\t\t\t\t\t\n\t\t\t\t\t\t\t<p>A: Normalerweise MOQ ist 50pcs. Aber wir k\u00f6nnen niedrigere Menge akzeptieren, um die Bed\u00fcrfnisse des Kunden zu erf\u00fcllen.<\/p>\n\t\t\t\t\t\t\t\t\t\t\t\t\t\t\t\t\t\t<\/div>\n\t\t\t\t<\/div>\n\t\t\t\t\t\t\t\n\t\t\t\t<div class=\"wd-accordion-item\">\n\t\t\t\t\t<div class=\"wd-accordion-title\" data-accordion-index=\"4\">\n\t\t\t\t\t\t<div class=\"wd-accordion-title-text\">\n\t\t\t\t\t\t\t\t\t\t\t\t\t\t<span>\n\t\t\t\t\t\t\t\tF: Welche Gr\u00f6\u00dfe haben Krawatte, Fliege, Einstecktuch und Halstuch?\t\t\t\t\t\t\t<\/span>\n\t\t\t\t\t\t<\/div>\n\t\t\t\t\t\t<span class=\"wd-accordion-opener\"><\/span>\n\t\t\t\t\t<\/div>\n\n\t\t\t\t\t<div class=\"wd-accordion-content wd-entry-content\" data-accordion-index=\"4\">\n\t\t\t\t\t\t\t\t\t\t\t\t\t\n\t\t\t\t\t\t\t<p>A: Die beliebteste Gr\u00f6\u00dfe sollte wie unten sein. W\u00e4hrend andere Gr\u00f6\u00dfe kann nach Ihrer Anfrage durchgef\u00fchrt werden. Krawatte - L\u00e4nge 148CM und Breite 8CM Fliege - Vorgebundene 12x6CM oder Selbstbinder 100x6.5CM Einstecktuch - 33x33CM Schal - 90x90CM<\/p>\n\t\t\t\t\t\t\t\t\t\t\t\t\t\t\t\t\t\t<\/div>\n\t\t\t\t<\/div>\n\t\t\t\t\t\t\t\n\t\t\t\t<div class=\"wd-accordion-item\">\n\t\t\t\t\t<div class=\"wd-accordion-title\" data-accordion-index=\"5\">\n\t\t\t\t\t\t<div class=\"wd-accordion-title-text\">\n\t\t\t\t\t\t\t\t\t\t\t\t\t\t<span>\n\t\t\t\t\t\t\t\tF: Aus welchen Materialien bestehen meine Krawatte, Fliege, mein Einstecktuch und mein Halstuch?\t\t\t\t\t\t\t<\/span>\n\t\t\t\t\t\t<\/div>\n\t\t\t\t\t\t<span class=\"wd-accordion-opener\"><\/span>\n\t\t\t\t\t<\/div>\n\n\t\t\t\t\t<div class=\"wd-accordion-content wd-entry-content\" data-accordion-index=\"5\">\n\t\t\t\t\t\t\t\t\t\t\t\t\t\n\t\t\t\t\t\t\t<p>A: Sie k\u00f6nnen 100% Seide, Seidenmischung, Mikrofaser, Baumwolle, Leinen, Polyester usw. sein.<\/p>\n\t\t\t\t\t\t\t\t\t\t\t\t\t\t\t\t\t\t<\/div>\n\t\t\t\t<\/div>\n\t\t\t\t\t\t\t\n\t\t\t\t<div class=\"wd-accordion-item\">\n\t\t\t\t\t<div class=\"wd-accordion-title\" data-accordion-index=\"6\">\n\t\t\t\t\t\t<div class=\"wd-accordion-title-text\">\n\t\t\t\t\t\t\t\t\t\t\t\t\t\t<span>\n\t\t\t\t\t\t\t\tF: K\u00f6nnen Sie individuelle Verpackungen herstellen?\t\t\t\t\t\t\t<\/span>\n\t\t\t\t\t\t<\/div>\n\t\t\t\t\t\t<span class=\"wd-accordion-opener\"><\/span>\n\t\t\t\t\t<\/div>\n\n\t\t\t\t\t<div class=\"wd-accordion-content wd-entry-content\" data-accordion-index=\"6\">\n\t\t\t\t\t\t\t\t\t\t\t\t\t\n\t\t\t\t\t\t\t<p>A: Ja. Wir k\u00f6nnen Schubladenboxen oder Umschl\u00e4ge mit Ihrem eigenen Logo und Farbkombinationen anfertigen.<\/p>\n\t\t\t\t\t\t\t\t\t\t\t\t\t\t\t\t\t\t<\/div>\n\t\t\t\t<\/div>\n\t\t\t\t\t\t\t\n\t\t\t\t<div class=\"wd-accordion-item\">\n\t\t\t\t\t<div class=\"wd-accordion-title\" data-accordion-index=\"7\">\n\t\t\t\t\t\t<div class=\"wd-accordion-title-text\">\n\t\t\t\t\t\t\t\t\t\t\t\t\t\t<span>\n\t\t\t\t\t\t\t\tF: Wie k\u00f6nnen Sie meine Farben anpassen?\t\t\t\t\t\t\t<\/span>\n\t\t\t\t\t\t<\/div>\n\t\t\t\t\t\t<span class=\"wd-accordion-opener\"><\/span>\n\t\t\t\t\t<\/div>\n\n\t\t\t\t\t<div class=\"wd-accordion-content wd-entry-content\" data-accordion-index=\"7\">\n\t\t\t\t\t\t\t\t\t\t\t\t\t\n\t\t\t\t\t\t\t<p>A: Schicken Sie einfach Ihre Grafik oder PMS-Farbcodes, wir werden sie mit unseren Garnfarben abgleichen. Bitte beachten Sie, dass die Farben aufgrund der Unterschiede zwischen den Monitoren und den Scan-Effekten in Person leicht variieren k\u00f6nnen.<\/p>\n\t\t\t\t\t\t\t\t\t\t\t\t\t\t\t\t\t\t<\/div>\n\t\t\t\t<\/div>\n\t\t\t\t\t\t\t\n\t\t\t\t<div class=\"wd-accordion-item\">\n\t\t\t\t\t<div class=\"wd-accordion-title\" data-accordion-index=\"8\">\n\t\t\t\t\t\t<div class=\"wd-accordion-title-text\">\n\t\t\t\t\t\t\t\t\t\t\t\t\t\t<span>\n\t\t\t\t\t\t\t\tF: Welches Dateiformat sollte ich Ihnen f\u00fcr meine Entw\u00fcrfe zur Verf\u00fcgung stellen?\t\t\t\t\t\t\t<\/span>\n\t\t\t\t\t\t<\/div>\n\t\t\t\t\t\t<span class=\"wd-accordion-opener\"><\/span>\n\t\t\t\t\t<\/div>\n\n\t\t\t\t\t<div class=\"wd-accordion-content wd-entry-content\" data-accordion-index=\"8\">\n\t\t\t\t\t\t\t\t\t\t\t\t\t\n\t\t\t\t\t\t\t<p>A: JPG, AI, PDF werden bevorzugt. Solange die Details lesbar sind, ist jedes Format in Ordnung.<\/p>\n\t\t\t\t\t\t\t\t\t\t\t\t\t\t\t\t\t\t<\/div>\n\t\t\t\t<\/div>\n\t\t\t\t\t\t\t\n\t\t\t\t<div class=\"wd-accordion-item\">\n\t\t\t\t\t<div class=\"wd-accordion-title\" data-accordion-index=\"9\">\n\t\t\t\t\t\t<div class=\"wd-accordion-title-text\">\n\t\t\t\t\t\t\t\t\t\t\t\t\t\t<span>\n\t\t\t\t\t\t\t\tF: Wie bezahle ich meine Krawatte, Fliege, Einstecktuch und Schal?\t\t\t\t\t\t\t<\/span>\n\t\t\t\t\t\t<\/div>\n\t\t\t\t\t\t<span class=\"wd-accordion-opener\"><\/span>\n\t\t\t\t\t<\/div>\n\n\t\t\t\t\t<div class=\"wd-accordion-content wd-entry-content\" data-accordion-index=\"9\">\n\t\t\t\t\t\t\t\t\t\t\t\t\t\n\t\t\t\t\t\t\t<p>A: Sie k\u00f6nnen per Kreditkarte, Paypal, Bank\u00fcberweisung oder Alibaba Trade Assurance bezahlen.<\/p>\n\t\t\t\t\t\t\t\t\t\t\t\t\t\t\t\t\t\t<\/div>\n\t\t\t\t<\/div>\n\t\t\t\t\t\t\t\n\t\t\t\t<div class=\"wd-accordion-item\">\n\t\t\t\t\t<div class=\"wd-accordion-title\" data-accordion-index=\"10\">\n\t\t\t\t\t\t<div class=\"wd-accordion-title-text\">\n\t\t\t\t\t\t\t\t\t\t\t\t\t\t<span>\n\t\t\t\t\t\t\t\tF: Wie versenden Sie meine Krawatte, Fliege, mein Einstecktuch und mein Halstuch?\t\t\t\t\t\t\t<\/span>\n\t\t\t\t\t\t<\/div>\n\t\t\t\t\t\t<span class=\"wd-accordion-opener\"><\/span>\n\t\t\t\t\t<\/div>\n\n\t\t\t\t\t<div class=\"wd-accordion-content wd-entry-content\" data-accordion-index=\"10\">\n\t\t\t\t\t\t\t\t\t\t\t\t\t\n\t\t\t\t\t\t\t<p>A: Wir versenden mit DHL, FedEx oder UPS. Schneller Service dauert nur 2~3 Tage weltweit.<\/p>\n\t\t\t\t\t\t\t\t\t\t\t\t\t\t\t\t\t\t<\/div>\n\t\t\t\t<\/div>\n\t\t\t\t\t\t\t\n\t\t\t\t<div class=\"wd-accordion-item\">\n\t\t\t\t\t<div class=\"wd-accordion-title\" data-accordion-index=\"11\">\n\t\t\t\t\t\t<div class=\"wd-accordion-title-text\">\n\t\t\t\t\t\t\t\t\t\t\t\t\t\t<span>\n\t\t\t\t\t\t\t\tF: Wie lange dauert es, bis ich meine Krawatte, Fliege, mein Einstecktuch und mein Halstuch erhalte?\t\t\t\t\t\t\t<\/span>\n\t\t\t\t\t\t<\/div>\n\t\t\t\t\t\t<span class=\"wd-accordion-opener\"><\/span>\n\t\t\t\t\t<\/div>\n\n\t\t\t\t\t<div class=\"wd-accordion-content wd-entry-content\" data-accordion-index=\"11\">\n\t\t\t\t\t\t\t\t\t\t\t\t\t\n\t\t\t\t\t\t\t<p>A: Musterzeit: 7~14 Tage Produktionszeit: 4~6 Wochen Versandzeit: 3~5 Tage Eildienst ist ohne Aufpreis m\u00f6glich.<\/p>\n\t\t\t\t\t\t\t\t\t\t\t\t\t\t\t\t\t\t<\/div>\n\t\t\t\t<\/div>\n\t\t\t\t\t<\/div>\n\t\t\t\t\t\t<\/div>\n\t\t\t\t<\/div>\n\t\t\t\t\t<\/div>\n\t\t\t\t<\/div>\n\t\t\t\t<\/div>","protected":false},"excerpt":{"rendered":"<p>FAQs Q: Can you customize my design into tie, bow tie, pocket square and scarf? A: Yes! Just send your<\/p>","protected":false},"author":1,"featured_media":0,"parent":0,"menu_order":0,"comment_status":"closed","ping_status":"closed","template":"elementor_header_footer","meta":{"footnotes":""},"class_list":["post-564","page","type-page","status-publish","hentry"],"yoast_head":"<!-- This site is optimized with the Yoast SEO plugin v26.1.1 - https:\/\/yoast.com\/wordpress\/plugins\/seo\/ -->\n<title>FAQs - Professional Custom Scarf -Silk Products Manufacturer - Carina Silk<\/title>\n<meta name=\"robots\" content=\"index, follow, max-snippet:-1, max-image-preview:large, max-video-preview:-1\" \/>\n<link rel=\"canonical\" href=\"https:\/\/carina-silk.com\/de\/faqs\/\" \/>\n<meta property=\"og:locale\" content=\"de_DE\" \/>\n<meta property=\"og:type\" content=\"article\" \/>\n<meta property=\"og:title\" content=\"FAQs - Professional Custom Scarf -Silk Products Manufacturer - Carina Silk\" \/>\n<meta property=\"og:description\" content=\"FAQs Q: Can you customize my design into tie, bow tie, pocket square and scarf? A: Yes! Just send your\" \/>\n<meta property=\"og:url\" content=\"https:\/\/carina-silk.com\/de\/faqs\/\" \/>\n<meta property=\"og:site_name\" content=\"Professional Custom Scarf -Silk Products Manufacturer - Carina Silk\" \/>\n<meta property=\"article:modified_time\" content=\"2025-10-13T02:48:00+00:00\" \/>\n<meta name=\"twitter:card\" content=\"summary_large_image\" \/>\n<meta name=\"twitter:label1\" content=\"Gesch\u00e4tzte Lesezeit\" \/>\n\t<meta name=\"twitter:data1\" content=\"2 Minuten\" \/>\n<script type=\"application\/ld+json\" class=\"yoast-schema-graph\">{\"@context\":\"https:\/\/schema.org\",\"@graph\":[{\"@type\":\"WebPage\",\"@id\":\"https:\/\/carina-silk.com\/faqs\/\",\"url\":\"https:\/\/carina-silk.com\/faqs\/\",\"name\":\"FAQs - Professional Custom Scarf -Silk Products Manufacturer - Carina Silk\",\"isPartOf\":{\"@id\":\"https:\/\/carina-silk.com\/#website\"},\"datePublished\":\"2025-09-23T05:21:02+00:00\",\"dateModified\":\"2025-10-13T02:48:00+00:00\",\"breadcrumb\":{\"@id\":\"https:\/\/carina-silk.com\/faqs\/#breadcrumb\"},\"inLanguage\":\"de-AT\",\"potentialAction\":[{\"@type\":\"ReadAction\",\"target\":[\"https:\/\/carina-silk.com\/faqs\/\"]}]},{\"@type\":\"BreadcrumbList\",\"@id\":\"https:\/\/carina-silk.com\/faqs\/#breadcrumb\",\"itemListElement\":[{\"@type\":\"ListItem\",\"position\":1,\"name\":\"Home\",\"item\":\"https:\/\/carina-silk.com\/\"},{\"@type\":\"ListItem\",\"position\":2,\"name\":\"FAQs\"}]},{\"@type\":\"WebSite\",\"@id\":\"https:\/\/carina-silk.com\/#website\",\"url\":\"https:\/\/carina-silk.com\/\",\"name\":\"Professional Custom Scarf -Silk Products Manufacturer - Carina Silk\",\"description\":\"Custom Scarves , Custom Neckwear\uff0cPrint your own scarves on demand\uff0cDesign your own scarf | From 1 meter\uff0cDigital Silk Scarf Printing\uff0cCustom Printed Silk Scarves \uff0cCustom silk scarf bulk\uff0cChina Screen Print Silk Scarf Manufacturer,China Custom Silk Scarves Wholesale Manufacturers with OEM &amp; ODM Services\",\"potentialAction\":[{\"@type\":\"SearchAction\",\"target\":{\"@type\":\"EntryPoint\",\"urlTemplate\":\"https:\/\/carina-silk.com\/?s={search_term_string}\"},\"query-input\":{\"@type\":\"PropertyValueSpecification\",\"valueRequired\":true,\"valueName\":\"search_term_string\"}}],\"inLanguage\":\"de-AT\"}]}<\/script>\n<!-- \/ Yoast SEO plugin. -->","yoast_head_json":{"title":"FAQs - Professional Custom Scarf -Silk Products Manufacturer - Carina Silk","robots":{"index":"index","follow":"follow","max-snippet":"max-snippet:-1","max-image-preview":"max-image-preview:large","max-video-preview":"max-video-preview:-1"},"canonical":"https:\/\/carina-silk.com\/de\/faqs\/","og_locale":"de_DE","og_type":"article","og_title":"FAQs - Professional Custom Scarf -Silk Products Manufacturer - Carina Silk","og_description":"FAQs Q: Can you customize my design into tie, bow tie, pocket square and scarf? A: Yes! Just send your","og_url":"https:\/\/carina-silk.com\/de\/faqs\/","og_site_name":"Professional Custom Scarf -Silk Products Manufacturer - Carina Silk","article_modified_time":"2025-10-13T02:48:00+00:00","twitter_card":"summary_large_image","twitter_misc":{"Gesch\u00e4tzte Lesezeit":"2 Minuten"},"schema":{"@context":"https:\/\/schema.org","@graph":[{"@type":"WebPage","@id":"https:\/\/carina-silk.com\/faqs\/","url":"https:\/\/carina-silk.com\/faqs\/","name":"FAQs - Professional Custom Scarf -Silk Products Manufacturer - Carina Silk","isPartOf":{"@id":"https:\/\/carina-silk.com\/#website"},"datePublished":"2025-09-23T05:21:02+00:00","dateModified":"2025-10-13T02:48:00+00:00","breadcrumb":{"@id":"https:\/\/carina-silk.com\/faqs\/#breadcrumb"},"inLanguage":"de-AT","potentialAction":[{"@type":"ReadAction","target":["https:\/\/carina-silk.com\/faqs\/"]}]},{"@type":"BreadcrumbList","@id":"https:\/\/carina-silk.com\/faqs\/#breadcrumb","itemListElement":[{"@type":"ListItem","position":1,"name":"Home","item":"https:\/\/carina-silk.com\/"},{"@type":"ListItem","position":2,"name":"FAQs"}]},{"@type":"WebSite","@id":"https:\/\/carina-silk.com\/#website","url":"https:\/\/carina-silk.com\/","name":"Professional Custom Scarf -Silk Products Manufacturer - Carina Silk","description":"Custom Scarves , Custom Neckwear\uff0cPrint your own scarves on demand\uff0cDesign your own scarf | From 1 meter\uff0cDigital Silk Scarf Printing\uff0cCustom Printed Silk Scarves \uff0cCustom silk scarf bulk\uff0cChina Screen Print Silk Scarf Manufacturer,China Custom Silk Scarves Wholesale Manufacturers with OEM &amp; ODM Services","potentialAction":[{"@type":"SearchAction","target":{"@type":"EntryPoint","urlTemplate":"https:\/\/carina-silk.com\/?s={search_term_string}"},"query-input":{"@type":"PropertyValueSpecification","valueRequired":true,"valueName":"search_term_string"}}],"inLanguage":"de-AT"}]}},"_hostinger_reach_plugin_has_subscription_block":false,"_hostinger_reach_plugin_is_elementor":false,"_links":{"self":[{"href":"https:\/\/carina-silk.com\/de\/wp-json\/wp\/v2\/pages\/564","targetHints":{"allow":["GET"]}}],"collection":[{"href":"https:\/\/carina-silk.com\/de\/wp-json\/wp\/v2\/pages"}],"about":[{"href":"https:\/\/carina-silk.com\/de\/wp-json\/wp\/v2\/types\/page"}],"author":[{"embeddable":true,"href":"https:\/\/carina-silk.com\/de\/wp-json\/wp\/v2\/users\/1"}],"replies":[{"embeddable":true,"href":"https:\/\/carina-silk.com\/de\/wp-json\/wp\/v2\/comments?post=564"}],"version-history":[{"count":3,"href":"https:\/\/carina-silk.com\/de\/wp-json\/wp\/v2\/pages\/564\/revisions"}],"predecessor-version":[{"id":841,"href":"https:\/\/carina-silk.com\/de\/wp-json\/wp\/v2\/pages\/564\/revisions\/841"}],"wp:attachment":[{"href":"https:\/\/carina-silk.com\/de\/wp-json\/wp\/v2\/media?parent=564"}],"curies":[{"name":"wp","href":"https:\/\/api.w.org\/{rel}","templated":true}]}}