{"id":620,"date":"2025-09-28T02:03:08","date_gmt":"2025-09-28T02:03:08","guid":{"rendered":"https:\/\/carina-silk.com\/?page_id=620"},"modified":"2026-04-15T15:59:01","modified_gmt":"2026-04-15T15:59:01","slug":"video","status":"publish","type":"page","link":"https:\/\/carina-silk.com\/de\/video\/","title":{"rendered":"Video"},"content":{"rendered":"<div data-elementor-type=\"wp-page\" data-elementor-id=\"620\" class=\"elementor elementor-620\" data-elementor-post-type=\"page\">\n\t\t\t\t<div class=\"wd-negative-gap elementor-element elementor-element-973c3f5 wd-section-stretch e-flex e-con-boxed e-con e-parent\" data-id=\"973c3f5\" data-element_type=\"container\" data-settings=\"{&quot;background_background&quot;:&quot;classic&quot;}\">\n\t\t\t\t\t<div class=\"e-con-inner\">\n\t\t\t\t\t<\/div>\n\t\t\t\t<\/div>\n\t\t<div class=\"wd-negative-gap elementor-element elementor-element-a067064 e-flex e-con-boxed e-con e-parent\" data-id=\"a067064\" data-element_type=\"container\">\n\t\t\t\t\t<div class=\"e-con-inner\">\n\t\t\t\t<div class=\"elementor-element elementor-element-71d5d2a elementor-widget elementor-widget-heading\" data-id=\"71d5d2a\" data-element_type=\"widget\" data-widget_type=\"heading.default\">\n\t\t\t\t\t<h2 class=\"elementor-heading-title elementor-size-default\">Carinasilk Kundenspezifische Seidenprodukte Video<\/h2>\t\t\t\t<\/div>\n\t\t\t\t<div class=\"elementor-element elementor-element-9cd6227 color-scheme-inherit text-left elementor-widget elementor-widget-text-editor\" data-id=\"9cd6227\" data-element_type=\"widget\" data-widget_type=\"text-editor.default\">\n\t\t\t\t\t\t\t\t\t<p>Sind Sie neugierig, wie individuelle Seidenschals, Krawatten oder Accessoires hergestellt werden? Sie sind noch unsicher, ob Sie Ihre erste Bestellung aufgeben sollen? Sehen Sie sich unser Video \u00fcber die Seidenproduktion an und entdecken Sie jeden Schritt des Prozesses. Vom Seidendruck bis zum handgerollten Saum sehen Sie, wie unsere geschickten Handwerker hochwertige Stoffe in elegante Seidenprodukte nach Ma\u00df verwandeln. Es ist, als w\u00fcrden Sie durch unsere Fabrik gehen und die Handwerkskunst in Aktion erleben.<\/p><p>Sorgen Sie sich um die Qualit\u00e4t? Werfen Sie einen Blick auf echtes Kundenfeedback von Marken, Designern und Unternehmen auf der ganzen Welt, die uns f\u00fcr ihre ma\u00dfgeschneiderten Seidenschals und Krawatten ihr Vertrauen geschenkt haben. Jeder Artikel wird mit Pr\u00e4zision gefertigt und wie ein Kunstwerk behandelt, um sowohl Sch\u00f6nheit als auch Langlebigkeit zu gew\u00e4hrleisten.<\/p><p>Wir bei Carinasilk sind bestrebt, erstklassige Seidenprodukte zu liefern, unsere Dienstleistungen zu verbessern und jedem Kunden nahtlose L\u00f6sungen zu bieten. Wenn Sie eine Idee f\u00fcr einen individuellen Seidenschal, eine Krawatte oder ein Stoffaccessoire haben, kontaktieren Sie uns noch heute und fordern Sie ein kostenloses Angebot an.<\/p>\t\t\t\t\t\t\t\t<\/div>\n\t\t<div class=\"elementor-element elementor-element-539888d e-grid e-con-full e-con e-child\" data-id=\"539888d\" data-element_type=\"container\">\n\t\t<div class=\"elementor-element elementor-element-ec1d79d e-con-full e-flex e-con e-child\" data-id=\"ec1d79d\" data-element_type=\"container\">\n\t\t\t\t<div class=\"elementor-element elementor-element-62fac62 elementor-widget elementor-widget-video\" data-id=\"62fac62\" data-element_type=\"widget\" data-settings=\"{&quot;video_type&quot;:&quot;hosted&quot;,&quot;controls&quot;:&quot;yes&quot;}\" data-widget_type=\"video.default\">\n\t\t\t\t\t\t\t<div class=\"e-hosted-video elementor-wrapper elementor-open-inline\">\n\t\t\t\t\t<video class=\"elementor-video\" src=\"https:\/\/carina-silk.com\/wp-content\/uploads\/2025\/09\/3bdfbe9fd06c89bb02251c6fbb17672a.mp4\" controls=\"\" preload=\"metadata\" controlslist=\"nodownload\"><\/video>\n\t\t\t\t<\/div>\n\t\t\t\t\t\t<\/div>\n\t\t\t\t<div class=\"elementor-element elementor-element-9994de9 elementor-widget elementor-widget-heading\" data-id=\"9994de9\" data-element_type=\"widget\" data-widget_type=\"heading.default\">\n\t\t\t\t\t<span class=\"elementor-heading-title elementor-size-default\">Facric Sizing<br>\n<\/span>\t\t\t\t<\/div>\n\t\t\t\t<\/div>\n\t\t<div class=\"elementor-element elementor-element-3d881c0 e-con-full e-flex e-con e-child\" data-id=\"3d881c0\" data-element_type=\"container\">\n\t\t\t\t<div class=\"elementor-element elementor-element-0c1ba5d elementor-widget elementor-widget-video\" data-id=\"0c1ba5d\" data-element_type=\"widget\" data-settings=\"{&quot;video_type&quot;:&quot;hosted&quot;,&quot;controls&quot;:&quot;yes&quot;}\" data-widget_type=\"video.default\">\n\t\t\t\t\t\t\t<div class=\"e-hosted-video elementor-wrapper elementor-open-inline\">\n\t\t\t\t\t<video class=\"elementor-video\" src=\"https:\/\/carina-silk.com\/wp-content\/uploads\/2025\/09\/aa1bfd12e036fc7836708318df7a5b9e.mp4\" controls=\"\" preload=\"metadata\" controlslist=\"nodownload\"><\/video>\n\t\t\t\t<\/div>\n\t\t\t\t\t\t<\/div>\n\t\t\t\t<div class=\"elementor-element elementor-element-e6e5828 elementor-widget elementor-widget-heading\" data-id=\"e6e5828\" data-element_type=\"widget\" data-widget_type=\"heading.default\">\n\t\t\t\t\t<span class=\"elementor-heading-title elementor-size-default\">Two Sided Simultaneous Printing at the Same Positon\n<\/span>\t\t\t\t<\/div>\n\t\t\t\t<\/div>\n\t\t<div class=\"elementor-element elementor-element-166ef8d e-con-full e-flex e-con e-child\" data-id=\"166ef8d\" data-element_type=\"container\">\n\t\t\t\t<div class=\"elementor-element elementor-element-cd231b9 elementor-widget elementor-widget-video\" data-id=\"cd231b9\" data-element_type=\"widget\" data-settings=\"{&quot;video_type&quot;:&quot;hosted&quot;,&quot;controls&quot;:&quot;yes&quot;}\" data-widget_type=\"video.default\">\n\t\t\t\t\t\t\t<div class=\"e-hosted-video elementor-wrapper elementor-open-inline\">\n\t\t\t\t\t<video class=\"elementor-video\" src=\"https:\/\/carina-silk.com\/wp-content\/uploads\/2025\/09\/4911e489c57407f56c43431cca387929.mp4\" controls=\"\" preload=\"metadata\" controlslist=\"nodownload\"><\/video>\n\t\t\t\t<\/div>\n\t\t\t\t\t\t<\/div>\n\t\t\t\t<div class=\"elementor-element elementor-element-4a7c5a4 elementor-widget elementor-widget-heading\" data-id=\"4a7c5a4\" data-element_type=\"widget\" data-widget_type=\"heading.default\">\n\t\t\t\t\t<span class=\"elementor-heading-title elementor-size-default\">Digitlal Printing<\/span>\t\t\t\t<\/div>\n\t\t\t\t<\/div>\n\t\t<div class=\"elementor-element elementor-element-3c40908 e-con-full e-flex e-con e-child\" data-id=\"3c40908\" data-element_type=\"container\">\n\t\t\t\t<div class=\"elementor-element elementor-element-59a91fd elementor-widget elementor-widget-video\" data-id=\"59a91fd\" data-element_type=\"widget\" data-settings=\"{&quot;video_type&quot;:&quot;hosted&quot;,&quot;controls&quot;:&quot;yes&quot;}\" data-widget_type=\"video.default\">\n\t\t\t\t\t\t\t<div class=\"e-hosted-video elementor-wrapper elementor-open-inline\">\n\t\t\t\t\t<video class=\"elementor-video\" src=\"https:\/\/carina-silk.com\/wp-content\/uploads\/2025\/09\/4911e489c57407f56c43431cca387929.mp4\" controls=\"\" preload=\"metadata\" controlslist=\"nodownload\"><\/video>\n\t\t\t\t<\/div>\n\t\t\t\t\t\t<\/div>\n\t\t\t\t<div class=\"elementor-element elementor-element-9e88dd6 elementor-widget elementor-widget-heading\" data-id=\"9e88dd6\" data-element_type=\"widget\" data-widget_type=\"heading.default\">\n\t\t\t\t\t<span class=\"elementor-heading-title elementor-size-default\">Digtial Printing<\/span>\t\t\t\t<\/div>\n\t\t\t\t<\/div>\n\t\t<div class=\"elementor-element elementor-element-ca923a7 e-con-full e-flex e-con e-child\" data-id=\"ca923a7\" data-element_type=\"container\">\n\t\t\t\t<div class=\"elementor-element elementor-element-69938d2 elementor-widget elementor-widget-video\" data-id=\"69938d2\" data-element_type=\"widget\" data-settings=\"{&quot;video_type&quot;:&quot;hosted&quot;,&quot;controls&quot;:&quot;yes&quot;}\" data-widget_type=\"video.default\">\n\t\t\t\t\t\t\t<div class=\"e-hosted-video elementor-wrapper elementor-open-inline\">\n\t\t\t\t\t<video class=\"elementor-video\" src=\"https:\/\/carina-silk.com\/wp-content\/uploads\/2025\/09\/beb67903463f232d36669ceab875413c.mp4\" controls=\"\" preload=\"metadata\" controlslist=\"nodownload\"><\/video>\n\t\t\t\t<\/div>\n\t\t\t\t\t\t<\/div>\n\t\t\t\t<div class=\"elementor-element elementor-element-8cb8395 elementor-widget elementor-widget-heading\" data-id=\"8cb8395\" data-element_type=\"widget\" data-widget_type=\"heading.default\">\n\t\t\t\t\t<span class=\"elementor-heading-title elementor-size-default\">Siebdruck\n<\/span>\t\t\t\t<\/div>\n\t\t\t\t<\/div>\n\t\t<div class=\"elementor-element elementor-element-0ef6647 e-con-full e-flex e-con e-child\" data-id=\"0ef6647\" data-element_type=\"container\">\n\t\t\t\t<div class=\"elementor-element elementor-element-bbd2953 elementor-widget elementor-widget-video\" data-id=\"bbd2953\" data-element_type=\"widget\" data-settings=\"{&quot;video_type&quot;:&quot;hosted&quot;,&quot;controls&quot;:&quot;yes&quot;}\" data-widget_type=\"video.default\">\n\t\t\t\t\t\t\t<div class=\"e-hosted-video elementor-wrapper elementor-open-inline\">\n\t\t\t\t\t<video class=\"elementor-video\" src=\"https:\/\/carina-silk.com\/wp-content\/uploads\/2025\/09\/93fc9c36b6993865601a81fdb25f0c87.mp4\" controls=\"\" preload=\"metadata\" controlslist=\"nodownload\"><\/video>\n\t\t\t\t<\/div>\n\t\t\t\t\t\t<\/div>\n\t\t\t\t<div class=\"elementor-element elementor-element-07919cb elementor-widget elementor-widget-heading\" data-id=\"07919cb\" data-element_type=\"widget\" data-widget_type=\"heading.default\">\n\t\t\t\t\t<span class=\"elementor-heading-title elementor-size-default\">cutting\n<\/span>\t\t\t\t<\/div>\n\t\t\t\t<\/div>\n\t\t<div class=\"elementor-element elementor-element-2ae0a78 e-con-full e-flex e-con e-child\" data-id=\"2ae0a78\" data-element_type=\"container\">\n\t\t\t\t<div class=\"elementor-element elementor-element-3c962c7 elementor-widget elementor-widget-video\" data-id=\"3c962c7\" data-element_type=\"widget\" data-settings=\"{&quot;video_type&quot;:&quot;hosted&quot;,&quot;controls&quot;:&quot;yes&quot;}\" data-widget_type=\"video.default\">\n\t\t\t\t\t\t\t<div class=\"e-hosted-video elementor-wrapper elementor-open-inline\">\n\t\t\t\t\t<video class=\"elementor-video\" src=\"https:\/\/carina-silk.com\/wp-content\/uploads\/2025\/09\/0b5d4101e9d88e3caea44b0fbeeb85a4.mp4\" controls=\"\" preload=\"metadata\" controlslist=\"nodownload\"><\/video>\n\t\t\t\t<\/div>\n\t\t\t\t\t\t<\/div>\n\t\t\t\t<div class=\"elementor-element elementor-element-9938b94 elementor-widget elementor-widget-heading\" data-id=\"9938b94\" data-element_type=\"widget\" data-widget_type=\"heading.default\">\n\t\t\t\t\t<span class=\"elementor-heading-title elementor-size-default\">Hemming<\/span>\t\t\t\t<\/div>\n\t\t\t\t<\/div>\n\t\t<div class=\"elementor-element elementor-element-a46da83 e-con-full e-flex e-con e-child\" data-id=\"a46da83\" data-element_type=\"container\">\n\t\t\t\t<div class=\"elementor-element elementor-element-7f6c200 elementor-widget elementor-widget-video\" data-id=\"7f6c200\" data-element_type=\"widget\" data-settings=\"{&quot;video_type&quot;:&quot;hosted&quot;,&quot;controls&quot;:&quot;yes&quot;}\" data-widget_type=\"video.default\">\n\t\t\t\t\t\t\t<div class=\"e-hosted-video elementor-wrapper elementor-open-inline\">\n\t\t\t\t\t<video class=\"elementor-video\" src=\"https:\/\/carina-silk.com\/wp-content\/uploads\/2025\/09\/dabc67008f62dd17dd3376bc094add40.mp4\" controls=\"\" preload=\"metadata\" controlslist=\"nodownload\"><\/video>\n\t\t\t\t<\/div>\n\t\t\t\t\t\t<\/div>\n\t\t\t\t<div class=\"elementor-element elementor-element-e43c5d6 elementor-widget elementor-widget-heading\" data-id=\"e43c5d6\" data-element_type=\"widget\" data-widget_type=\"heading.default\">\n\t\t\t\t\t<span class=\"elementor-heading-title elementor-size-default\">Ironing<\/span>\t\t\t\t<\/div>\n\t\t\t\t<\/div>\n\t\t<div class=\"elementor-element elementor-element-1ee1154 e-con-full e-flex e-con e-child\" data-id=\"1ee1154\" data-element_type=\"container\">\n\t\t\t\t<div class=\"elementor-element elementor-element-ff8aee1 elementor-widget elementor-widget-video\" data-id=\"ff8aee1\" data-element_type=\"widget\" data-settings=\"{&quot;video_type&quot;:&quot;hosted&quot;,&quot;controls&quot;:&quot;yes&quot;}\" data-widget_type=\"video.default\">\n\t\t\t\t\t\t\t<div class=\"e-hosted-video elementor-wrapper elementor-open-inline\">\n\t\t\t\t\t<video class=\"elementor-video\" src=\"https:\/\/carina-silk.com\/wp-content\/uploads\/2025\/09\/85601d14916e0ab9a71e11f94ca79e98.mp4\" controls=\"\" preload=\"metadata\" controlslist=\"nodownload\"><\/video>\n\t\t\t\t<\/div>\n\t\t\t\t\t\t<\/div>\n\t\t\t\t<div class=\"elementor-element elementor-element-0a96d27 elementor-widget elementor-widget-heading\" data-id=\"0a96d27\" data-element_type=\"widget\" data-widget_type=\"heading.default\">\n\t\t\t\t\t<span class=\"elementor-heading-title elementor-size-default\">Packaging<\/span>\t\t\t\t<\/div>\n\t\t\t\t<\/div>\n\t\t<div class=\"elementor-element elementor-element-9689e92 e-con-full e-flex e-con e-child\" data-id=\"9689e92\" data-element_type=\"container\">\n\t\t\t\t<div class=\"elementor-element elementor-element-48a03cb elementor-widget elementor-widget-video\" data-id=\"48a03cb\" data-element_type=\"widget\" data-settings=\"{&quot;video_type&quot;:&quot;hosted&quot;,&quot;controls&quot;:&quot;yes&quot;}\" data-widget_type=\"video.default\">\n\t\t\t\t\t\t\t<div class=\"e-hosted-video elementor-wrapper elementor-open-inline\">\n\t\t\t\t\t<video class=\"elementor-video\" src=\"https:\/\/carina-silk.com\/wp-content\/uploads\/2025\/09\/4022971c09bb290dc44e20f17a555088.mp4\" controls=\"\" preload=\"metadata\" controlslist=\"nodownload\"><\/video>\n\t\t\t\t<\/div>\n\t\t\t\t\t\t<\/div>\n\t\t\t\t<div class=\"elementor-element elementor-element-3901e3e elementor-widget elementor-widget-heading\" data-id=\"3901e3e\" data-element_type=\"widget\" data-widget_type=\"heading.default\">\n\t\t\t\t\t<span class=\"elementor-heading-title elementor-size-default\">Steamer\/Washer\/Dryer<\/span>\t\t\t\t<\/div>\n\t\t\t\t<\/div>\n\t\t\t\t<\/div>\n\t\t\t\t\t<\/div>\n\t\t\t\t<\/div>\n\t\t\t\t<\/div>","protected":false},"excerpt":{"rendered":"<p>Carinasilk Custom Silk Products Video Curious about how custom silk scarves, ties, or accessories are made? Still unsure about placing<\/p>","protected":false},"author":1,"featured_media":0,"parent":0,"menu_order":0,"comment_status":"closed","ping_status":"closed","template":"elementor_header_footer","meta":{"footnotes":""},"class_list":["post-620","page","type-page","status-publish","hentry"],"yoast_head":"<!-- This site is optimized with the Yoast SEO plugin v26.1.1 - https:\/\/yoast.com\/wordpress\/plugins\/seo\/ -->\n<title>Video - Professional Custom Scarf -Silk Products Manufacturer - Carina Silk<\/title>\n<meta name=\"robots\" content=\"index, follow, max-snippet:-1, max-image-preview:large, max-video-preview:-1\" \/>\n<link rel=\"canonical\" href=\"https:\/\/carina-silk.com\/de\/video\/\" \/>\n<meta property=\"og:locale\" content=\"de_DE\" \/>\n<meta property=\"og:type\" content=\"article\" \/>\n<meta property=\"og:title\" content=\"Video - Professional Custom Scarf -Silk Products Manufacturer - Carina Silk\" \/>\n<meta property=\"og:description\" content=\"Carinasilk Custom Silk Products Video Curious about how custom silk scarves, ties, or accessories are made? Still unsure about placing\" \/>\n<meta property=\"og:url\" content=\"https:\/\/carina-silk.com\/de\/video\/\" \/>\n<meta property=\"og:site_name\" content=\"Professional Custom Scarf -Silk Products Manufacturer - Carina Silk\" \/>\n<meta property=\"article:modified_time\" content=\"2026-04-15T15:59:01+00:00\" \/>\n<meta name=\"twitter:card\" content=\"summary_large_image\" \/>\n<meta name=\"twitter:label1\" content=\"Gesch\u00e4tzte Lesezeit\" \/>\n\t<meta name=\"twitter:data1\" content=\"1 Minute\" \/>\n<script type=\"application\/ld+json\" class=\"yoast-schema-graph\">{\"@context\":\"https:\/\/schema.org\",\"@graph\":[{\"@type\":\"WebPage\",\"@id\":\"https:\/\/carina-silk.com\/video\/\",\"url\":\"https:\/\/carina-silk.com\/video\/\",\"name\":\"Video - Professional Custom Scarf -Silk Products Manufacturer - Carina Silk\",\"isPartOf\":{\"@id\":\"https:\/\/carina-silk.com\/#website\"},\"datePublished\":\"2025-09-28T02:03:08+00:00\",\"dateModified\":\"2026-04-15T15:59:01+00:00\",\"breadcrumb\":{\"@id\":\"https:\/\/carina-silk.com\/video\/#breadcrumb\"},\"inLanguage\":\"de-AT\",\"potentialAction\":[{\"@type\":\"ReadAction\",\"target\":[\"https:\/\/carina-silk.com\/video\/\"]}]},{\"@type\":\"BreadcrumbList\",\"@id\":\"https:\/\/carina-silk.com\/video\/#breadcrumb\",\"itemListElement\":[{\"@type\":\"ListItem\",\"position\":1,\"name\":\"Home\",\"item\":\"https:\/\/carina-silk.com\/\"},{\"@type\":\"ListItem\",\"position\":2,\"name\":\"Video\"}]},{\"@type\":\"WebSite\",\"@id\":\"https:\/\/carina-silk.com\/#website\",\"url\":\"https:\/\/carina-silk.com\/\",\"name\":\"Professional Custom Scarf -Silk Products Manufacturer - Carina Silk\",\"description\":\"Custom Scarves , Custom Neckwear\uff0cPrint your own scarves on demand\uff0cDesign your own scarf | From 1 meter\uff0cDigital Silk Scarf Printing\uff0cCustom Printed Silk Scarves \uff0cCustom silk scarf bulk\uff0cChina Screen Print Silk Scarf Manufacturer,China Custom Silk Scarves Wholesale Manufacturers with OEM &amp; ODM Services\",\"potentialAction\":[{\"@type\":\"SearchAction\",\"target\":{\"@type\":\"EntryPoint\",\"urlTemplate\":\"https:\/\/carina-silk.com\/?s={search_term_string}\"},\"query-input\":{\"@type\":\"PropertyValueSpecification\",\"valueRequired\":true,\"valueName\":\"search_term_string\"}}],\"inLanguage\":\"de-AT\"}]}<\/script>\n<!-- \/ Yoast SEO plugin. -->","yoast_head_json":{"title":"Video - Professional Custom Scarf -Silk Products Manufacturer - Carina Silk","robots":{"index":"index","follow":"follow","max-snippet":"max-snippet:-1","max-image-preview":"max-image-preview:large","max-video-preview":"max-video-preview:-1"},"canonical":"https:\/\/carina-silk.com\/de\/video\/","og_locale":"de_DE","og_type":"article","og_title":"Video - Professional Custom Scarf -Silk Products Manufacturer - Carina Silk","og_description":"Carinasilk Custom Silk Products Video Curious about how custom silk scarves, ties, or accessories are made? Still unsure about placing","og_url":"https:\/\/carina-silk.com\/de\/video\/","og_site_name":"Professional Custom Scarf -Silk Products Manufacturer - Carina Silk","article_modified_time":"2026-04-15T15:59:01+00:00","twitter_card":"summary_large_image","twitter_misc":{"Gesch\u00e4tzte Lesezeit":"1 Minute"},"schema":{"@context":"https:\/\/schema.org","@graph":[{"@type":"WebPage","@id":"https:\/\/carina-silk.com\/video\/","url":"https:\/\/carina-silk.com\/video\/","name":"Video - Professional Custom Scarf -Silk Products Manufacturer - Carina Silk","isPartOf":{"@id":"https:\/\/carina-silk.com\/#website"},"datePublished":"2025-09-28T02:03:08+00:00","dateModified":"2026-04-15T15:59:01+00:00","breadcrumb":{"@id":"https:\/\/carina-silk.com\/video\/#breadcrumb"},"inLanguage":"de-AT","potentialAction":[{"@type":"ReadAction","target":["https:\/\/carina-silk.com\/video\/"]}]},{"@type":"BreadcrumbList","@id":"https:\/\/carina-silk.com\/video\/#breadcrumb","itemListElement":[{"@type":"ListItem","position":1,"name":"Home","item":"https:\/\/carina-silk.com\/"},{"@type":"ListItem","position":2,"name":"Video"}]},{"@type":"WebSite","@id":"https:\/\/carina-silk.com\/#website","url":"https:\/\/carina-silk.com\/","name":"Professional Custom Scarf -Silk Products Manufacturer - Carina Silk","description":"Custom Scarves , Custom Neckwear\uff0cPrint your own scarves on demand\uff0cDesign your own scarf | From 1 meter\uff0cDigital Silk Scarf Printing\uff0cCustom Printed Silk Scarves \uff0cCustom silk scarf bulk\uff0cChina Screen Print Silk Scarf Manufacturer,China Custom Silk Scarves Wholesale Manufacturers with OEM &amp; ODM Services","potentialAction":[{"@type":"SearchAction","target":{"@type":"EntryPoint","urlTemplate":"https:\/\/carina-silk.com\/?s={search_term_string}"},"query-input":{"@type":"PropertyValueSpecification","valueRequired":true,"valueName":"search_term_string"}}],"inLanguage":"de-AT"}]}},"_hostinger_reach_plugin_has_subscription_block":false,"_hostinger_reach_plugin_is_elementor":false,"_links":{"self":[{"href":"https:\/\/carina-silk.com\/de\/wp-json\/wp\/v2\/pages\/620","targetHints":{"allow":["GET"]}}],"collection":[{"href":"https:\/\/carina-silk.com\/de\/wp-json\/wp\/v2\/pages"}],"about":[{"href":"https:\/\/carina-silk.com\/de\/wp-json\/wp\/v2\/types\/page"}],"author":[{"embeddable":true,"href":"https:\/\/carina-silk.com\/de\/wp-json\/wp\/v2\/users\/1"}],"replies":[{"embeddable":true,"href":"https:\/\/carina-silk.com\/de\/wp-json\/wp\/v2\/comments?post=620"}],"version-history":[{"count":6,"href":"https:\/\/carina-silk.com\/de\/wp-json\/wp\/v2\/pages\/620\/revisions"}],"predecessor-version":[{"id":1042,"href":"https:\/\/carina-silk.com\/de\/wp-json\/wp\/v2\/pages\/620\/revisions\/1042"}],"wp:attachment":[{"href":"https:\/\/carina-silk.com\/de\/wp-json\/wp\/v2\/media?parent=620"}],"curies":[{"name":"wp","href":"https:\/\/api.w.org\/{rel}","templated":true}]}}