{"id":277,"date":"2025-09-05T08:07:11","date_gmt":"2025-09-05T08:07:11","guid":{"rendered":"https:\/\/carina-silk.com\/?page_id=277"},"modified":"2025-09-05T08:23:43","modified_gmt":"2025-09-05T08:23:43","slug":"about-us","status":"publish","type":"page","link":"https:\/\/carina-silk.com\/fr\/about-us\/","title":{"rendered":"\u00c0 propos de nous"},"content":{"rendered":"<div data-elementor-type=\"wp-page\" data-elementor-id=\"277\" class=\"elementor elementor-277\" data-elementor-post-type=\"page\">\n\t\t\t\t<div class=\"wd-negative-gap elementor-element elementor-element-95cd076 wd-section-stretch-content e-flex e-con-boxed e-con e-parent\" data-id=\"95cd076\" data-element_type=\"container\" data-settings=\"{&quot;background_background&quot;:&quot;video&quot;,&quot;background_video_link&quot;:&quot;https:\\\/\\\/carina-silk.com\\\/wp-content\\\/uploads\\\/2025\\\/09\\\/\\u89c6\\u98913.mp4&quot;}\">\n\t\t\t\t\t<div class=\"e-con-inner\">\n\t\t<div class=\"elementor-background-video-container elementor-hidden-mobile\" aria-hidden=\"true\">\n\t\t\t\t\t\t\t<video class=\"elementor-background-video-hosted\" autoplay muted playsinline loop><\/video>\n\t\t\t\t\t<\/div>\t\t\t<\/div>\n\t\t\t\t<\/div>\n\t\t<div class=\"wd-negative-gap elementor-element elementor-element-f3b582c wd-section-stretch e-flex e-con-boxed e-con e-parent\" data-id=\"f3b582c\" data-element_type=\"container\">\n\t\t\t\t\t<div class=\"e-con-inner\">\n\t\t\t\t<div class=\"elementor-element elementor-element-244e3be color-scheme-inherit text-left elementor-widget elementor-widget-text-editor\" data-id=\"244e3be\" data-element_type=\"widget\" data-widget_type=\"text-editor.default\">\n\t\t\t\t\t\t\t\t\tDevenir le partenaire mondial de choix pour les foulards en soie personnalis\u00e9s, en offrant une qualit\u00e9 intemporelle et une innovation cr\u00e9ative.\n\t\t\t\t\t\t\t\t<\/div>\n\t\t\t\t<div class=\"elementor-element elementor-element-6a904eb color-scheme-inherit text-left elementor-widget elementor-widget-text-editor\" data-id=\"6a904eb\" data-element_type=\"widget\" data-widget_type=\"text-editor.default\">\n\t\t\t\t\t\t\t\t\tNotre \u00e9quipe exp\u00e9riment\u00e9e de 120 personnes, r\u00e9partie sur 8 000 m\u00e8tres carr\u00e9s, nous permet d'atteindre une capacit\u00e9 d'impression mensuelle de 5 000 000 de m\u00e8tres. Nous r\u00e9pondons \u00e0 la fois \u00e0 la production en petites s\u00e9ries des boutiques et aux collaborations avec de jeunes designers, en offrant des solutions compl\u00e8tes. M\u00eame pour les commandes de gros volumes \u00e9manant de marques commerciales, nous appliquons la m\u00eame pr\u00e9cision et le m\u00eame soin, en veillant \u00e0 ce que chaque produit refl\u00e8te les normes de qualit\u00e9 d'une boutique.\n\t\t\t\t\t\t\t\t<\/div>\n\t\t\t\t<div class=\"elementor-element elementor-element-5aafb65 elementor-align-center elementor-invisible elementor-widget elementor-widget-button\" data-id=\"5aafb65\" data-element_type=\"widget\" data-settings=\"{&quot;_animation&quot;:&quot;fadeIn&quot;}\" data-widget_type=\"button.default\">\n\t\t\t\t\t\t\t\t\t\t<a class=\"elementor-button elementor-button-link elementor-size-sm\" href=\"#elementor-action%3Aaction%3Dpopup%3Aopen%26settings%3DeyJpZCI6IjI4OSIsInRvZ2dsZSI6ZmFsc2V9\">\n\t\t\t\t\t\t<span class=\"elementor-button-content-wrapper\">\n\t\t\t\t\t\t\t\t\t<span class=\"elementor-button-text\">Commen\u00e7ons aujourd'hui<\/span>\n\t\t\t\t\t<\/span>\n\t\t\t\t\t<\/a>\n\t\t\t\t\t\t\t\t<\/div>\n\t\t<div class=\"elementor-element elementor-element-d928458 e-con-full e-flex e-con e-child\" data-id=\"d928458\" data-element_type=\"container\">\n\t\t\t\t<div class=\"elementor-element elementor-element-2d18c1b elementor-widget__width-initial elementor-widget elementor-widget-image\" data-id=\"2d18c1b\" data-element_type=\"widget\" data-widget_type=\"image.default\">\n\t\t\t\t\t\t\t\t\t\t\t\t\t\t\t<img fetchpriority=\"high\" decoding=\"async\" width=\"352\" height=\"254\" src=\"https:\/\/carina-silk.com\/wp-content\/uploads\/2025\/09\/85a1c3c97b0cef4dbb046f186dc2298e.png\" class=\"attachment-full size-full wp-image-285\" alt=\"\" srcset=\"https:\/\/carina-silk.com\/wp-content\/uploads\/2025\/09\/85a1c3c97b0cef4dbb046f186dc2298e.png 352w, https:\/\/carina-silk.com\/wp-content\/uploads\/2025\/09\/85a1c3c97b0cef4dbb046f186dc2298e-300x216.png 300w, https:\/\/carina-silk.com\/wp-content\/uploads\/2025\/09\/85a1c3c97b0cef4dbb046f186dc2298e-18x12.png 18w, https:\/\/carina-silk.com\/wp-content\/uploads\/2025\/09\/85a1c3c97b0cef4dbb046f186dc2298e-150x108.png 150w\" sizes=\"(max-width: 352px) 100vw, 352px\" \/>\t\t\t\t\t\t\t\t\t\t\t\t\t\t\t<\/div>\n\t\t<div class=\"elementor-element elementor-element-1a36466 e-con-full e-flex e-con e-child\" data-id=\"1a36466\" data-element_type=\"container\">\n\t\t\t\t<div class=\"elementor-element elementor-element-007e786 elementor-widget elementor-widget-heading\" data-id=\"007e786\" data-element_type=\"widget\" data-widget_type=\"heading.default\">\n\t\t\t\t\t<h2 class=\"elementor-heading-title elementor-size-default\">Responsabilit\u00e9 sociale des entreprises\n<\/h2>\t\t\t\t<\/div>\n\t\t\t\t<div class=\"elementor-element elementor-element-a6d6253 elementor-icon-list--layout-traditional elementor-list-item-link-full_width elementor-widget elementor-widget-icon-list\" data-id=\"a6d6253\" data-element_type=\"widget\" data-widget_type=\"icon-list.default\">\n\t\t\t\t\t\t\t<ul class=\"elementor-icon-list-items\">\n\t\t\t\t\t\t\t<li class=\"elementor-icon-list-item\">\n\t\t\t\t\t\t\t\t\t\t\t<span class=\"elementor-icon-list-icon\">\n\t\t\t\t\t\t\t<svg aria-hidden=\"true\" class=\"e-font-icon-svg e-fas-circle\" viewbox=\"0 0 512 512\" xmlns=\"http:\/\/www.w3.org\/2000\/svg\"><path d=\"M256 8C119 8 8 119 8 256s111 248 248 248 248-111 248-248S393 8 256 8z\"><\/path><\/svg>\t\t\t\t\t\t<\/span>\n\t\t\t\t\t\t\t\t\t\t<span class=\"elementor-icon-list-text\">Nous nous engageons \u00e0 produire de la soie de mani\u00e8re durable, en minimisant l'impact sur l'environnement gr\u00e2ce \u00e0 des proc\u00e9d\u00e9s d'impression et de teinture respectueux de l'environnement.<\/span>\n\t\t\t\t\t\t\t\t\t<\/li>\n\t\t\t\t\t\t\t\t<li class=\"elementor-icon-list-item\">\n\t\t\t\t\t\t\t\t\t\t\t<span class=\"elementor-icon-list-icon\">\n\t\t\t\t\t\t\t<svg aria-hidden=\"true\" class=\"e-font-icon-svg e-fas-circle\" viewbox=\"0 0 512 512\" xmlns=\"http:\/\/www.w3.org\/2000\/svg\"><path d=\"M256 8C119 8 8 119 8 256s111 248 248 248 248-111 248-248S393 8 256 8z\"><\/path><\/svg>\t\t\t\t\t\t<\/span>\n\t\t\t\t\t\t\t\t\t\t<span class=\"elementor-icon-list-text\">Nous respectons et prot\u00e9geons les droits de nos employ\u00e9s, en garantissant un lieu de travail s\u00fbr, \u00e9quitable et solidaire.<\/span>\n\t\t\t\t\t\t\t\t\t<\/li>\n\t\t\t\t\t\t\t\t<li class=\"elementor-icon-list-item\">\n\t\t\t\t\t\t\t\t\t\t\t<span class=\"elementor-icon-list-icon\">\n\t\t\t\t\t\t\t<svg aria-hidden=\"true\" class=\"e-font-icon-svg e-fas-circle\" viewbox=\"0 0 512 512\" xmlns=\"http:\/\/www.w3.org\/2000\/svg\"><path d=\"M256 8C119 8 8 119 8 256s111 248 248 248 248-111 248-248S393 8 256 8z\"><\/path><\/svg>\t\t\t\t\t\t<\/span>\n\t\t\t\t\t\t\t\t\t\t<span class=\"elementor-icon-list-text\">Nous privil\u00e9gions les partenariats \u00e0 long terme avec nos clients, fond\u00e9s sur la confiance, la transparence et la croissance partag\u00e9e.<\/span>\n\t\t\t\t\t\t\t\t\t<\/li>\n\t\t\t\t\t\t\t\t<li class=\"elementor-icon-list-item\">\n\t\t\t\t\t\t\t\t\t\t\t<span class=\"elementor-icon-list-icon\">\n\t\t\t\t\t\t\t<svg aria-hidden=\"true\" class=\"e-font-icon-svg e-fas-circle\" viewbox=\"0 0 512 512\" xmlns=\"http:\/\/www.w3.org\/2000\/svg\"><path d=\"M256 8C119 8 8 119 8 256s111 248 248 248 248-111 248-248S393 8 256 8z\"><\/path><\/svg>\t\t\t\t\t\t<\/span>\n\t\t\t\t\t\t\t\t\t\t<span class=\"elementor-icon-list-text\">Nous contribuons activement \u00e0 notre communaut\u00e9 en soutenant des initiatives en mati\u00e8re d'\u00e9ducation et de d\u00e9veloppement social.<\/span>\n\t\t\t\t\t\t\t\t\t<\/li>\n\t\t\t\t\t\t<\/ul>\n\t\t\t\t\t\t<\/div>\n\t\t\t\t<\/div>\n\t\t\t\t<\/div>\n\t\t\t\t\t<\/div>\n\t\t\t\t<\/div>\n\t\t\t\t<\/div>","protected":false},"excerpt":{"rendered":"<p>To become the global partner of choice for custom silk scarves, delivering timeless quality and creative innovation. 1998 Origin founder<\/p>","protected":false},"author":1,"featured_media":0,"parent":0,"menu_order":0,"comment_status":"closed","ping_status":"closed","template":"elementor_header_footer","meta":{"footnotes":""},"class_list":["post-277","page","type-page","status-publish","hentry"],"yoast_head":"<!-- This site is optimized with the Yoast SEO plugin v26.1.1 - https:\/\/yoast.com\/wordpress\/plugins\/seo\/ -->\n<title>About Us - Professional Custom Scarf -Silk Products Manufacturer - Carina Silk<\/title>\n<meta name=\"robots\" content=\"index, follow, max-snippet:-1, max-image-preview:large, max-video-preview:-1\" \/>\n<link rel=\"canonical\" href=\"https:\/\/carina-silk.com\/fr\/about-us\/\" \/>\n<meta property=\"og:locale\" content=\"fr_FR\" \/>\n<meta property=\"og:type\" content=\"article\" \/>\n<meta property=\"og:title\" content=\"About Us - Professional Custom Scarf -Silk Products Manufacturer - Carina Silk\" \/>\n<meta property=\"og:description\" content=\"To become the global partner of choice for custom silk scarves, delivering timeless quality and creative innovation. 1998 Origin founder\" \/>\n<meta property=\"og:url\" content=\"https:\/\/carina-silk.com\/fr\/about-us\/\" \/>\n<meta property=\"og:site_name\" content=\"Professional Custom Scarf -Silk Products Manufacturer - Carina Silk\" \/>\n<meta property=\"article:modified_time\" content=\"2025-09-05T08:23:43+00:00\" \/>\n<meta property=\"og:image\" content=\"https:\/\/carina-silk.com\/wp-content\/uploads\/2025\/09\/85a1c3c97b0cef4dbb046f186dc2298e.png\" \/>\n\t<meta property=\"og:image:width\" content=\"352\" \/>\n\t<meta property=\"og:image:height\" content=\"254\" \/>\n\t<meta property=\"og:image:type\" content=\"image\/png\" \/>\n<meta name=\"twitter:card\" content=\"summary_large_image\" \/>\n<meta name=\"twitter:label1\" content=\"Dur\u00e9e de lecture estim\u00e9e\" \/>\n\t<meta name=\"twitter:data1\" content=\"2 minutes\" \/>\n<script type=\"application\/ld+json\" class=\"yoast-schema-graph\">{\"@context\":\"https:\/\/schema.org\",\"@graph\":[{\"@type\":\"WebPage\",\"@id\":\"https:\/\/carina-silk.com\/about-us\/\",\"url\":\"https:\/\/carina-silk.com\/about-us\/\",\"name\":\"About Us - Professional Custom Scarf -Silk Products Manufacturer - Carina Silk\",\"isPartOf\":{\"@id\":\"https:\/\/carina-silk.com\/#website\"},\"primaryImageOfPage\":{\"@id\":\"https:\/\/carina-silk.com\/about-us\/#primaryimage\"},\"image\":{\"@id\":\"https:\/\/carina-silk.com\/about-us\/#primaryimage\"},\"thumbnailUrl\":\"https:\/\/carina-silk.com\/wp-content\/uploads\/2025\/09\/85a1c3c97b0cef4dbb046f186dc2298e.png\",\"datePublished\":\"2025-09-05T08:07:11+00:00\",\"dateModified\":\"2025-09-05T08:23:43+00:00\",\"breadcrumb\":{\"@id\":\"https:\/\/carina-silk.com\/about-us\/#breadcrumb\"},\"inLanguage\":\"fr-FR\",\"potentialAction\":[{\"@type\":\"ReadAction\",\"target\":[\"https:\/\/carina-silk.com\/about-us\/\"]}]},{\"@type\":\"ImageObject\",\"inLanguage\":\"fr-FR\",\"@id\":\"https:\/\/carina-silk.com\/about-us\/#primaryimage\",\"url\":\"https:\/\/carina-silk.com\/wp-content\/uploads\/2025\/09\/85a1c3c97b0cef4dbb046f186dc2298e.png\",\"contentUrl\":\"https:\/\/carina-silk.com\/wp-content\/uploads\/2025\/09\/85a1c3c97b0cef4dbb046f186dc2298e.png\"},{\"@type\":\"BreadcrumbList\",\"@id\":\"https:\/\/carina-silk.com\/about-us\/#breadcrumb\",\"itemListElement\":[{\"@type\":\"ListItem\",\"position\":1,\"name\":\"Home\",\"item\":\"https:\/\/carina-silk.com\/\"},{\"@type\":\"ListItem\",\"position\":2,\"name\":\"About Us\"}]},{\"@type\":\"WebSite\",\"@id\":\"https:\/\/carina-silk.com\/#website\",\"url\":\"https:\/\/carina-silk.com\/\",\"name\":\"Professional Custom Scarf -Silk Products Manufacturer - Carina Silk\",\"description\":\"Custom Scarves , Custom Neckwear\uff0cPrint your own scarves on demand\uff0cDesign your own scarf | From 1 meter\uff0cDigital Silk Scarf Printing\uff0cCustom Printed Silk Scarves \uff0cCustom silk scarf bulk\uff0cChina Screen Print Silk Scarf Manufacturer,China Custom Silk Scarves Wholesale Manufacturers with OEM &amp; ODM Services\",\"potentialAction\":[{\"@type\":\"SearchAction\",\"target\":{\"@type\":\"EntryPoint\",\"urlTemplate\":\"https:\/\/carina-silk.com\/?s={search_term_string}\"},\"query-input\":{\"@type\":\"PropertyValueSpecification\",\"valueRequired\":true,\"valueName\":\"search_term_string\"}}],\"inLanguage\":\"fr-FR\"}]}<\/script>\n<!-- \/ Yoast SEO plugin. -->","yoast_head_json":{"title":"About Us - Professional Custom Scarf -Silk Products Manufacturer - Carina Silk","robots":{"index":"index","follow":"follow","max-snippet":"max-snippet:-1","max-image-preview":"max-image-preview:large","max-video-preview":"max-video-preview:-1"},"canonical":"https:\/\/carina-silk.com\/fr\/about-us\/","og_locale":"fr_FR","og_type":"article","og_title":"About Us - Professional Custom Scarf -Silk Products Manufacturer - Carina Silk","og_description":"To become the global partner of choice for custom silk scarves, delivering timeless quality and creative innovation. 1998 Origin founder","og_url":"https:\/\/carina-silk.com\/fr\/about-us\/","og_site_name":"Professional Custom Scarf -Silk Products Manufacturer - Carina Silk","article_modified_time":"2025-09-05T08:23:43+00:00","og_image":[{"width":352,"height":254,"url":"https:\/\/carina-silk.com\/wp-content\/uploads\/2025\/09\/85a1c3c97b0cef4dbb046f186dc2298e.png","type":"image\/png"}],"twitter_card":"summary_large_image","twitter_misc":{"Dur\u00e9e de lecture estim\u00e9e":"2 minutes"},"schema":{"@context":"https:\/\/schema.org","@graph":[{"@type":"WebPage","@id":"https:\/\/carina-silk.com\/about-us\/","url":"https:\/\/carina-silk.com\/about-us\/","name":"About Us - Professional Custom Scarf -Silk Products Manufacturer - Carina Silk","isPartOf":{"@id":"https:\/\/carina-silk.com\/#website"},"primaryImageOfPage":{"@id":"https:\/\/carina-silk.com\/about-us\/#primaryimage"},"image":{"@id":"https:\/\/carina-silk.com\/about-us\/#primaryimage"},"thumbnailUrl":"https:\/\/carina-silk.com\/wp-content\/uploads\/2025\/09\/85a1c3c97b0cef4dbb046f186dc2298e.png","datePublished":"2025-09-05T08:07:11+00:00","dateModified":"2025-09-05T08:23:43+00:00","breadcrumb":{"@id":"https:\/\/carina-silk.com\/about-us\/#breadcrumb"},"inLanguage":"fr-FR","potentialAction":[{"@type":"ReadAction","target":["https:\/\/carina-silk.com\/about-us\/"]}]},{"@type":"ImageObject","inLanguage":"fr-FR","@id":"https:\/\/carina-silk.com\/about-us\/#primaryimage","url":"https:\/\/carina-silk.com\/wp-content\/uploads\/2025\/09\/85a1c3c97b0cef4dbb046f186dc2298e.png","contentUrl":"https:\/\/carina-silk.com\/wp-content\/uploads\/2025\/09\/85a1c3c97b0cef4dbb046f186dc2298e.png"},{"@type":"BreadcrumbList","@id":"https:\/\/carina-silk.com\/about-us\/#breadcrumb","itemListElement":[{"@type":"ListItem","position":1,"name":"Home","item":"https:\/\/carina-silk.com\/"},{"@type":"ListItem","position":2,"name":"About Us"}]},{"@type":"WebSite","@id":"https:\/\/carina-silk.com\/#website","url":"https:\/\/carina-silk.com\/","name":"Professional Custom Scarf -Silk Products Manufacturer - Carina Silk","description":"Custom Scarves , Custom Neckwear\uff0cPrint your own scarves on demand\uff0cDesign your own scarf | From 1 meter\uff0cDigital Silk Scarf Printing\uff0cCustom Printed Silk Scarves \uff0cCustom silk scarf bulk\uff0cChina Screen Print Silk Scarf Manufacturer,China Custom Silk Scarves Wholesale Manufacturers with OEM &amp; ODM Services","potentialAction":[{"@type":"SearchAction","target":{"@type":"EntryPoint","urlTemplate":"https:\/\/carina-silk.com\/?s={search_term_string}"},"query-input":{"@type":"PropertyValueSpecification","valueRequired":true,"valueName":"search_term_string"}}],"inLanguage":"fr-FR"}]}},"_hostinger_reach_plugin_has_subscription_block":false,"_hostinger_reach_plugin_is_elementor":false,"_links":{"self":[{"href":"https:\/\/carina-silk.com\/fr\/wp-json\/wp\/v2\/pages\/277","targetHints":{"allow":["GET"]}}],"collection":[{"href":"https:\/\/carina-silk.com\/fr\/wp-json\/wp\/v2\/pages"}],"about":[{"href":"https:\/\/carina-silk.com\/fr\/wp-json\/wp\/v2\/types\/page"}],"author":[{"embeddable":true,"href":"https:\/\/carina-silk.com\/fr\/wp-json\/wp\/v2\/users\/1"}],"replies":[{"embeddable":true,"href":"https:\/\/carina-silk.com\/fr\/wp-json\/wp\/v2\/comments?post=277"}],"version-history":[{"count":0,"href":"https:\/\/carina-silk.com\/fr\/wp-json\/wp\/v2\/pages\/277\/revisions"}],"wp:attachment":[{"href":"https:\/\/carina-silk.com\/fr\/wp-json\/wp\/v2\/media?parent=277"}],"curies":[{"name":"wp","href":"https:\/\/api.w.org\/{rel}","templated":true}]}}