{"id":3,"date":"2025-09-04T03:36:17","date_gmt":"2025-09-04T03:36:17","guid":{"rendered":"https:\/\/carina-silk.com\/?page_id=3"},"modified":"2025-10-13T02:57:58","modified_gmt":"2025-10-13T02:57:58","slug":"privacy-policy","status":"publish","type":"page","link":"https:\/\/carina-silk.com\/fr\/privacy-policy\/","title":{"rendered":"Politique de confidentialit\u00e9"},"content":{"rendered":"<div data-elementor-type=\"wp-page\" data-elementor-id=\"3\" class=\"elementor elementor-3\" data-elementor-post-type=\"page\">\n\t\t\t\t<div class=\"wd-negative-gap elementor-element elementor-element-e355557 wd-section-stretch e-flex e-con-boxed e-con e-parent\" data-id=\"e355557\" data-element_type=\"container\" data-settings=\"{&quot;background_background&quot;:&quot;classic&quot;}\">\n\t\t\t\t\t<div class=\"e-con-inner\">\n\t\t\t\t<div class=\"elementor-element elementor-element-a7dfd55 elementor-widget elementor-widget-heading\" data-id=\"a7dfd55\" data-element_type=\"widget\" data-widget_type=\"heading.default\">\n\t\t\t\t\t<h2 class=\"elementor-heading-title elementor-size-default\">Politique de confidentialit\u00e9<\/h2>\t\t\t\t<\/div>\n\t\t\t\t\t<\/div>\n\t\t\t\t<\/div>\n\t\t<div class=\"wd-negative-gap elementor-element elementor-element-63585471 e-flex e-con-boxed e-con e-parent\" data-id=\"63585471\" data-element_type=\"container\">\n\t\t\t\t\t<div class=\"e-con-inner\">\n\t\t\t\t<div class=\"elementor-element elementor-element-66b63300 color-scheme-inherit text-left elementor-widget elementor-widget-text-editor\" data-id=\"66b63300\" data-element_type=\"widget\" data-widget_type=\"text-editor.default\">\n\t\t\t\t\t\t\t\t\t<p>Carina Silk s'engage \u00e0 pr\u00e9server la confidentialit\u00e9 et la s\u00e9curit\u00e9 de vos informations personnelles. La pr\u00e9sente d\u00e9claration de confidentialit\u00e9 r\u00e9sume la mani\u00e8re dont Carina Silk Fashion Apparel Co. (\"Carina Silk\", \"nous\") recueille et utilise les informations personnelles. Cette d\u00e9claration de confidentialit\u00e9 s'applique aux informations que nous recueillons par le biais de notre site web \u00e0 l'adresse Carina Silkfashion.com et des versions mobiles de notre site web (collectivement, le \"site\"). En continuant \u00e0 acc\u00e9der \u00e0 nos plateformes ou \u00e0 interagir avec elles, vous acceptez les pratiques d\u00e9crites dans la pr\u00e9sente d\u00e9claration de confidentialit\u00e9 en ce qui concerne la collecte, l'utilisation et la divulgation de vos informations personnelles, comme d\u00e9crit dans le pr\u00e9sent document.<\/p><p>Nous voulons vous donner la possibilit\u00e9 de savoir quelles informations nous recueillons, comment nous les utilisons et les divulguons, et quels sont vos droits et vos choix en ce qui concerne ces informations.<\/p><p><strong> Comment nous utilisons les informations<\/strong> Nous pouvons utiliser vos informations personnelles pour r\u00e9aliser nos objectifs commerciaux, notamment pour :<\/p><p>\u25cfR\u00e9pondre \u00e0 vos questions ou satisfaire vos demandes ou fournir autrement nos services ou Plateformes.<\/p><p>\u25cfPersonnaliser votre exp\u00e9rience et fournir des fonctionnalit\u00e9s d'exp\u00e9rience utilisateur de notre site et de nos plateformes.<\/p><p>\u25cfAdministrer nos activit\u00e9s, am\u00e9liorer nos services et nos produits \u00e0 l'aide d'analyses.<\/p><p>\u25cfProt\u00e9ger nos droits l\u00e9gaux ou la sant\u00e9 ou la s\u00e9curit\u00e9 de nos clients ou d'autres personnes. Comment nous partageons les informations Sauf dans les cas d\u00e9crits dans la pr\u00e9sente d\u00e9claration de confidentialit\u00e9, nous ne partageons pas vos informations personnelles en dehors de notre famille d'entreprises sans votre consentement. Le cas \u00e9ch\u00e9ant, nous partageons vos informations avec :<\/p><p>Notre soci\u00e9t\u00e9 m\u00e8re, nos filiales et nos soci\u00e9t\u00e9s affili\u00e9es pour nos activit\u00e9s commerciales et pour vous envoyer des informations sur des produits ou des services que nous pensons susceptibles de vous int\u00e9resser. Les prestataires de services qui fournissent des services pour soutenir nos activit\u00e9s. Tous les prestataires de services sont contractuellement tenus de prot\u00e9ger vos informations et n'ont pas le droit de les utiliser pour leurs propres activit\u00e9s de marketing ou \u00e0 des fins autres que la prestation de services pour nous. Vos droits et vos choix Mettre \u00e0 jour ou modifier vos informations. Nous tenons \u00e0 ce que vos informations soient exactes et \u00e0 jour. Par cons\u00e9quent, si vous estimez que vos coordonn\u00e9es doivent \u00eatre mises \u00e0 jour, vous pouvez nous envoyer un courrier \u00e9lectronique ou nous appeler pour les corriger ou les mettre \u00e0 jour.<\/p><p>Pr\u00e9f\u00e9rences en mati\u00e8re de communication. Vous pouvez \u00e0 tout moment choisir de retirer votre nom, vos num\u00e9ros de t\u00e9l\u00e9phone et de t\u00e9l\u00e9copie, ainsi que vos adresses postale et \u00e9lectronique des listes que nous utilisons pour envoyer des notifications ou des mises \u00e0 jour, et choisir de ne pas recevoir de correspondance de notre part.<\/p><p>Comment nous contacter Pour toute question ou commentaire concernant nos pratiques en mati\u00e8re d'information et de s\u00e9curit\u00e9 ou la pr\u00e9sente d\u00e9claration de confidentialit\u00e9, vous pouvez nous contacter : Par e-mail : service@carina-silk.com Par t\u00e9l\u00e9phone : +86-15757575211 Par courrier : B\u00e2timent 4\uff0cGood Luck Lane 1688\uff0cShengzhou\uff0cZhejiang\uff0cChina\uff0c312400<\/p>\t\t\t\t\t\t\t\t<\/div>\n\t\t\t\t<div class=\"elementor-element elementor-element-122a483 elementor-widget elementor-widget-button\" data-id=\"122a483\" data-element_type=\"widget\" data-widget_type=\"button.default\">\n\t\t\t\t\t\t\t\t\t\t<a class=\"elementor-button elementor-button-link elementor-size-sm\" href=\"#elementor-action%3Aaction%3Dpopup%3Aopen%26settings%3DeyJpZCI6IjI4OSIsInRvZ2dsZSI6ZmFsc2V9\">\n\t\t\t\t\t\t<span class=\"elementor-button-content-wrapper\">\n\t\t\t\t\t\t\t\t\t<span class=\"elementor-button-text\">Contactez-nous<\/span>\n\t\t\t\t\t<\/span>\n\t\t\t\t\t<\/a>\n\t\t\t\t\t\t\t\t<\/div>\n\t\t\t\t\t<\/div>\n\t\t\t\t<\/div>\n\t\t\t\t<\/div>","protected":false},"excerpt":{"rendered":"<p>Privacy Policy Carina Silk is committed to maintaining the privacy and security of your personal information. This Privacy Statement summarizes<\/p>","protected":false},"author":1,"featured_media":0,"parent":0,"menu_order":0,"comment_status":"closed","ping_status":"open","template":"elementor_header_footer","meta":{"footnotes":""},"class_list":["post-3","page","type-page","status-publish","hentry"],"yoast_head":"<!-- This site is optimized with the Yoast SEO plugin v26.1.1 - https:\/\/yoast.com\/wordpress\/plugins\/seo\/ -->\n<title>Privacy Policy - Professional Custom Scarf -Silk Products Manufacturer - Carina Silk<\/title>\n<meta name=\"robots\" content=\"index, follow, max-snippet:-1, max-image-preview:large, max-video-preview:-1\" \/>\n<link rel=\"canonical\" href=\"https:\/\/carina-silk.com\/fr\/privacy-policy\/\" \/>\n<meta property=\"og:locale\" content=\"fr_FR\" \/>\n<meta property=\"og:type\" content=\"article\" \/>\n<meta property=\"og:title\" content=\"Privacy Policy - Professional Custom Scarf -Silk Products Manufacturer - Carina Silk\" \/>\n<meta property=\"og:description\" content=\"Privacy Policy Carina Silk is committed to maintaining the privacy and security of your personal information. This Privacy Statement summarizes\" \/>\n<meta property=\"og:url\" content=\"https:\/\/carina-silk.com\/fr\/privacy-policy\/\" \/>\n<meta property=\"og:site_name\" content=\"Professional Custom Scarf -Silk Products Manufacturer - Carina Silk\" \/>\n<meta property=\"article:modified_time\" content=\"2025-10-13T02:57:58+00:00\" \/>\n<meta name=\"twitter:card\" content=\"summary_large_image\" \/>\n<meta name=\"twitter:label1\" content=\"Dur\u00e9e de lecture estim\u00e9e\" \/>\n\t<meta name=\"twitter:data1\" content=\"2 minutes\" \/>\n<script type=\"application\/ld+json\" class=\"yoast-schema-graph\">{\"@context\":\"https:\/\/schema.org\",\"@graph\":[{\"@type\":\"WebPage\",\"@id\":\"https:\/\/carina-silk.com\/privacy-policy\/\",\"url\":\"https:\/\/carina-silk.com\/privacy-policy\/\",\"name\":\"Privacy Policy - Professional Custom Scarf -Silk Products Manufacturer - Carina Silk\",\"isPartOf\":{\"@id\":\"https:\/\/carina-silk.com\/#website\"},\"datePublished\":\"2025-09-04T03:36:17+00:00\",\"dateModified\":\"2025-10-13T02:57:58+00:00\",\"breadcrumb\":{\"@id\":\"https:\/\/carina-silk.com\/privacy-policy\/#breadcrumb\"},\"inLanguage\":\"fr-FR\",\"potentialAction\":[{\"@type\":\"ReadAction\",\"target\":[\"https:\/\/carina-silk.com\/privacy-policy\/\"]}]},{\"@type\":\"BreadcrumbList\",\"@id\":\"https:\/\/carina-silk.com\/privacy-policy\/#breadcrumb\",\"itemListElement\":[{\"@type\":\"ListItem\",\"position\":1,\"name\":\"Home\",\"item\":\"https:\/\/carina-silk.com\/\"},{\"@type\":\"ListItem\",\"position\":2,\"name\":\"Privacy Policy\"}]},{\"@type\":\"WebSite\",\"@id\":\"https:\/\/carina-silk.com\/#website\",\"url\":\"https:\/\/carina-silk.com\/\",\"name\":\"Professional Custom Scarf -Silk Products Manufacturer - Carina Silk\",\"description\":\"Custom Scarves , Custom Neckwear\uff0cPrint your own scarves on demand\uff0cDesign your own scarf | From 1 meter\uff0cDigital Silk Scarf Printing\uff0cCustom Printed Silk Scarves \uff0cCustom silk scarf bulk\uff0cChina Screen Print Silk Scarf Manufacturer,China Custom Silk Scarves Wholesale Manufacturers with OEM &amp; ODM Services\",\"potentialAction\":[{\"@type\":\"SearchAction\",\"target\":{\"@type\":\"EntryPoint\",\"urlTemplate\":\"https:\/\/carina-silk.com\/?s={search_term_string}\"},\"query-input\":{\"@type\":\"PropertyValueSpecification\",\"valueRequired\":true,\"valueName\":\"search_term_string\"}}],\"inLanguage\":\"fr-FR\"}]}<\/script>\n<!-- \/ Yoast SEO plugin. -->","yoast_head_json":{"title":"Privacy Policy - Professional Custom Scarf -Silk Products Manufacturer - Carina Silk","robots":{"index":"index","follow":"follow","max-snippet":"max-snippet:-1","max-image-preview":"max-image-preview:large","max-video-preview":"max-video-preview:-1"},"canonical":"https:\/\/carina-silk.com\/fr\/privacy-policy\/","og_locale":"fr_FR","og_type":"article","og_title":"Privacy Policy - Professional Custom Scarf -Silk Products Manufacturer - Carina Silk","og_description":"Privacy Policy Carina Silk is committed to maintaining the privacy and security of your personal information. This Privacy Statement summarizes","og_url":"https:\/\/carina-silk.com\/fr\/privacy-policy\/","og_site_name":"Professional Custom Scarf -Silk Products Manufacturer - Carina Silk","article_modified_time":"2025-10-13T02:57:58+00:00","twitter_card":"summary_large_image","twitter_misc":{"Dur\u00e9e de lecture estim\u00e9e":"2 minutes"},"schema":{"@context":"https:\/\/schema.org","@graph":[{"@type":"WebPage","@id":"https:\/\/carina-silk.com\/privacy-policy\/","url":"https:\/\/carina-silk.com\/privacy-policy\/","name":"Privacy Policy - Professional Custom Scarf -Silk Products Manufacturer - Carina Silk","isPartOf":{"@id":"https:\/\/carina-silk.com\/#website"},"datePublished":"2025-09-04T03:36:17+00:00","dateModified":"2025-10-13T02:57:58+00:00","breadcrumb":{"@id":"https:\/\/carina-silk.com\/privacy-policy\/#breadcrumb"},"inLanguage":"fr-FR","potentialAction":[{"@type":"ReadAction","target":["https:\/\/carina-silk.com\/privacy-policy\/"]}]},{"@type":"BreadcrumbList","@id":"https:\/\/carina-silk.com\/privacy-policy\/#breadcrumb","itemListElement":[{"@type":"ListItem","position":1,"name":"Home","item":"https:\/\/carina-silk.com\/"},{"@type":"ListItem","position":2,"name":"Privacy Policy"}]},{"@type":"WebSite","@id":"https:\/\/carina-silk.com\/#website","url":"https:\/\/carina-silk.com\/","name":"Professional Custom Scarf -Silk Products Manufacturer - Carina Silk","description":"Custom Scarves , Custom Neckwear\uff0cPrint your own scarves on demand\uff0cDesign your own scarf | From 1 meter\uff0cDigital Silk Scarf Printing\uff0cCustom Printed Silk Scarves \uff0cCustom silk scarf bulk\uff0cChina Screen Print Silk Scarf Manufacturer,China Custom Silk Scarves Wholesale Manufacturers with OEM &amp; ODM Services","potentialAction":[{"@type":"SearchAction","target":{"@type":"EntryPoint","urlTemplate":"https:\/\/carina-silk.com\/?s={search_term_string}"},"query-input":{"@type":"PropertyValueSpecification","valueRequired":true,"valueName":"search_term_string"}}],"inLanguage":"fr-FR"}]}},"_hostinger_reach_plugin_has_subscription_block":false,"_hostinger_reach_plugin_is_elementor":false,"_links":{"self":[{"href":"https:\/\/carina-silk.com\/fr\/wp-json\/wp\/v2\/pages\/3","targetHints":{"allow":["GET"]}}],"collection":[{"href":"https:\/\/carina-silk.com\/fr\/wp-json\/wp\/v2\/pages"}],"about":[{"href":"https:\/\/carina-silk.com\/fr\/wp-json\/wp\/v2\/types\/page"}],"author":[{"embeddable":true,"href":"https:\/\/carina-silk.com\/fr\/wp-json\/wp\/v2\/users\/1"}],"replies":[{"embeddable":true,"href":"https:\/\/carina-silk.com\/fr\/wp-json\/wp\/v2\/comments?post=3"}],"version-history":[{"count":3,"href":"https:\/\/carina-silk.com\/fr\/wp-json\/wp\/v2\/pages\/3\/revisions"}],"predecessor-version":[{"id":850,"href":"https:\/\/carina-silk.com\/fr\/wp-json\/wp\/v2\/pages\/3\/revisions\/850"}],"wp:attachment":[{"href":"https:\/\/carina-silk.com\/fr\/wp-json\/wp\/v2\/media?parent=3"}],"curies":[{"name":"wp","href":"https:\/\/api.w.org\/{rel}","templated":true}]}}